{"id":6926,"date":"2025-06-02T00:33:10","date_gmt":"2025-06-02T05:33:10","guid":{"rendered":"https:\/\/globalmacrosolutions.com\/?page_id=6926"},"modified":"2025-08-12T11:31:23","modified_gmt":"2025-08-12T16:31:23","slug":"reserva","status":"publish","type":"page","link":"https:\/\/globalmacrosolutions.com\/en\/reserva\/","title":{"rendered":"Reserva"},"content":{"rendered":"<style>.elementor-6926 .elementor-element.elementor-element-438ece6{--display:flex;--flex-direction:column;--container-widget-width:100%;--container-widget-height:initial;--container-widget-flex-grow:0;--container-widget-align-self:initial;--flex-wrap-mobile:wrap;}.elementor-6926 .elementor-element.elementor-element-2655d80c{--display:flex;--flex-direction:column;--container-widget-width:100%;--container-widget-height:initial;--container-widget-flex-grow:0;--container-widget-align-self:initial;--flex-wrap-mobile:wrap;--gap:16px 0px;--row-gap:16px;--column-gap:0px;--overlay-opacity:0.66;--margin-top:0px;--margin-bottom:0px;--margin-left:0px;--margin-right:0px;--padding-top:100px;--padding-bottom:100px;--padding-left:40px;--padding-right:40px;}.elementor-6926 .elementor-element.elementor-element-2655d80c:not(.elementor-motion-effects-element-type-background), .elementor-6926 .elementor-element.elementor-element-2655d80c > .elementor-motion-effects-container > .elementor-motion-effects-layer{background-image:url(\"https:\/\/globalmacrosolutions.com\/wp-content\/uploads\/2025\/06\/pexels-photo-931887-931887.jpg\");background-position:-93px -98px;background-repeat:no-repeat;background-size:cover;}.elementor-6926 .elementor-element.elementor-element-2655d80c::before, .elementor-6926 .elementor-element.elementor-element-2655d80c > .elementor-background-video-container::before, .elementor-6926 .elementor-element.elementor-element-2655d80c > .e-con-inner > .elementor-background-video-container::before, .elementor-6926 .elementor-element.elementor-element-2655d80c > .elementor-background-slideshow::before, .elementor-6926 .elementor-element.elementor-element-2655d80c > .e-con-inner > .elementor-background-slideshow::before, .elementor-6926 .elementor-element.elementor-element-2655d80c > .elementor-motion-effects-container > .elementor-motion-effects-layer::before{--background-overlay:'';background-color:var( --e-global-color-astglobalcolor7 );}.elementor-6926 .elementor-element.elementor-element-50ebd0df{text-align:center;}.elementor-6926 .elementor-element.elementor-element-50ebd0df .elementor-heading-title{color:#FFFFFF;}.elementor-6926 .elementor-element.elementor-element-4be58791{text-align:center;color:#FFFFFF;}.elementor-6926 .elementor-element.elementor-element-4be58791 > .elementor-widget-container{margin:0px 0px -18px 0px;padding:0px 0px 0px 0px;}.elementor-6926 .elementor-element.elementor-element-2ab5e6b4 .elementor-button-content-wrapper{flex-direction:row;}@media(min-width:768px){.elementor-6926 .elementor-element.elementor-element-2655d80c{--content-width:800px;}}@media(max-width:1024px) and (min-width:768px){.elementor-6926 .elementor-element.elementor-element-2655d80c{--content-width:640px;}}@media(min-width:1025px){.elementor-6926 .elementor-element.elementor-element-2655d80c:not(.elementor-motion-effects-element-type-background), .elementor-6926 .elementor-element.elementor-element-2655d80c > .elementor-motion-effects-container > .elementor-motion-effects-layer{background-attachment:fixed;}}@media(max-width:1024px){.elementor-6926 .elementor-element.elementor-element-2655d80c:not(.elementor-motion-effects-element-type-background), .elementor-6926 .elementor-element.elementor-element-2655d80c > .elementor-motion-effects-container > .elementor-motion-effects-layer{background-position:0px 0px;}.elementor-6926 .elementor-element.elementor-element-2655d80c{--padding-top:80px;--padding-bottom:80px;--padding-left:032px;--padding-right:032px;}}@media(max-width:767px){.elementor-6926 .elementor-element.elementor-element-2655d80c{--gap:10px 0px;--row-gap:10px;--column-gap:0px;--padding-top:064px;--padding-bottom:064px;--padding-left:024px;--padding-right:24px;}.elementor-6926 .elementor-element.elementor-element-2655d80c:not(.elementor-motion-effects-element-type-background), .elementor-6926 .elementor-element.elementor-element-2655d80c > .elementor-motion-effects-container > .elementor-motion-effects-layer{background-position:-155px 0px;}.elementor-6926 .elementor-element.elementor-element-4be58791 > .elementor-widget-container{margin:0px 0px -14px 0px;}}<\/style>\t\t<div data-elementor-type=\"wp-page\" data-elementor-id=\"6926\" class=\"elementor elementor-6926\">\n\t\t\t\t<div class=\"elementor-element elementor-element-438ece6 e-flex e-con-boxed wpr-particle-no wpr-jarallax-no wpr-parallax-no wpr-sticky-section-no e-con e-parent\" data-id=\"438ece6\" data-element_type=\"container\" data-e-type=\"container\">\n\t\t\t\t\t<div class=\"e-con-inner\">\n\t\t\t\t<div class=\"elementor-element elementor-element-00290b4 elementor-widget elementor-widget-html\" data-id=\"00290b4\" data-element_type=\"widget\" data-e-type=\"widget\" data-widget_type=\"html.default\">\n\t\t\t\t<div class=\"elementor-widget-container\">\n\t\t\t\t\t<!-- Principio del widget integrado de Calendly -->\r\n<div class=\"calendly-inline-widget\" data-url=\"https:\/\/calendly.com\/global-macro\/30min\" style=\"min-width:320px;height:700px;\"><\/div>\r\n<script type=\"text\/javascript\" src=\"https:\/\/assets.calendly.com\/assets\/external\/widget.js\" async><\/script>\r\n<!-- Final del widget integrado de Calendly -->\t\t\t\t<\/div>\n\t\t\t\t<\/div>\n\t\t\t\t\t<\/div>\n\t\t\t\t<\/div>\n\t\t<div class=\"elementor-element elementor-element-2655d80c e-flex e-con-boxed wpr-particle-no wpr-jarallax-no wpr-parallax-no wpr-sticky-section-no e-con e-parent\" data-id=\"2655d80c\" data-element_type=\"container\" data-e-type=\"container\" data-settings=\"{&quot;background_background&quot;:&quot;classic&quot;}\">\n\t\t\t\t\t<div class=\"e-con-inner\">\n\t\t\t\t<div class=\"elementor-element elementor-element-50ebd0df elementor-widget elementor-widget-heading\" data-id=\"50ebd0df\" data-element_type=\"widget\" data-e-type=\"widget\" data-widget_type=\"heading.default\">\n\t\t\t\t<div class=\"elementor-widget-container\">\n\t\t\t\t\t<h2 class=\"elementor-heading-title elementor-size-default\">Ready to trade like a pro?\n<\/h2>\t\t\t\t<\/div>\n\t\t\t\t<\/div>\n\t\t\t\t<div class=\"elementor-element elementor-element-4be58791 elementor-widget elementor-widget-text-editor\" data-id=\"4be58791\" data-element_type=\"widget\" data-e-type=\"widget\" data-widget_type=\"text-editor.default\">\n\t\t\t\t<div class=\"elementor-widget-container\">\n\t\t\t\t\t\t\t\t\t<div class=\"elementor-element elementor-element-fd2b1c4 elementor-widget elementor-widget-text-editor\" data-id=\"fd2b1c4\" data-element_type=\"widget\" data-widget_type=\"text-editor.default\"><div class=\"elementor-widget-container\"><p data-start=\"465\" data-end=\"583\">Schedule a meeting with us and discover how to transform your trading through real data and professional-grade strategies.<\/p><\/div><\/div>\t\t\t\t\t\t\t\t<\/div>\n\t\t\t\t<\/div>\n\t\t\t\t<div class=\"elementor-element elementor-element-2ab5e6b4 elementor-align-center elementor-widget elementor-widget-button\" data-id=\"2ab5e6b4\" data-element_type=\"widget\" data-e-type=\"widget\" data-widget_type=\"button.default\">\n\t\t\t\t<div class=\"elementor-widget-container\">\n\t\t\t\t\t\t\t\t\t<div class=\"elementor-button-wrapper\">\n\t\t\t\t\t<a class=\"elementor-button elementor-button-link elementor-size-sm\" href=\"https:\/\/globalmacrosolutions.com\/en\/reserva\/\">\n\t\t\t\t\t\t<span class=\"elementor-button-content-wrapper\">\n\t\t\t\t\t\t<span class=\"elementor-button-icon\">\n\t\t\t\t<svg aria-hidden=\"true\" class=\"e-font-icon-svg e-fas-angle-right\" viewbox=\"0 0 256 512\" xmlns=\"http:\/\/www.w3.org\/2000\/svg\"><path d=\"M224.3 273l-136 136c-9.4 9.4-24.6 9.4-33.9 0l-22.6-22.6c-9.4-9.4-9.4-24.6 0-33.9l96.4-96.4-96.4-96.4c-9.4-9.4-9.4-24.6 0-33.9L54.3 103c9.4-9.4 24.6-9.4 33.9 0l136 136c9.5 9.4 9.5 24.6.1 34z\"><\/path><\/svg>\t\t\t<\/span>\n\t\t\t\t\t\t\t\t\t<span class=\"elementor-button-text\">Agenda una Reuni\u00f3n<\/span>\n\t\t\t\t\t<\/span>\n\t\t\t\t\t<\/a>\n\t\t\t\t<\/div>\n\t\t\t\t\t\t\t\t<\/div>\n\t\t\t\t<\/div>\n\t\t\t\t\t<\/div>\n\t\t\t\t<\/div>\n\t\t\t\t<\/div>","protected":false},"excerpt":{"rendered":"<p>\u00bfListo para operar con visi\u00f3n profesional? Agenda una reuni\u00f3n con nosotros y descubre c\u00f3mo transformar tu trading con datos reales y estrategias con metodol\u00f3gias profesionales. Agenda una Reuni\u00f3n<\/p>","protected":false},"author":1,"featured_media":0,"parent":0,"menu_order":0,"comment_status":"closed","ping_status":"closed","template":"","meta":{"_surecart_dashboard_logo_width":"180px","_surecart_dashboard_show_logo":true,"_surecart_dashboard_navigation_orders":true,"_surecart_dashboard_navigation_invoices":true,"_surecart_dashboard_navigation_subscriptions":true,"_surecart_dashboard_navigation_downloads":true,"_surecart_dashboard_navigation_billing":true,"_surecart_dashboard_navigation_account":true,"_uag_custom_page_level_css":"","site-sidebar-layout":"no-sidebar","site-content-layout":"","ast-site-content-layout":"full-width-container","site-content-style":"default","site-sidebar-style":"default","ast-global-header-display":"","ast-banner-title-visibility":"","ast-main-header-display":"","ast-hfb-above-header-display":"","ast-hfb-below-header-display":"","ast-hfb-mobile-header-display":"","site-post-title":"disabled","ast-breadcrumbs-content":"","ast-featured-img":"disabled","footer-sml-layout":"","theme-transparent-header-meta":"","adv-header-id-meta":"","stick-header-meta":"","header-above-stick-meta":"","header-main-stick-meta":"","header-below-stick-meta":"","astra-migrate-meta-layouts":"default","ast-page-background-enabled":"default","ast-page-background-meta":{"desktop":{"background-color":"var(--ast-global-color-4)","background-image":"","background-repeat":"repeat","background-position":"center center","background-size":"auto","background-attachment":"scroll","background-type":"","background-media":"","overlay-type":"","overlay-color":"","overlay-opacity":"","overlay-gradient":""},"tablet":{"background-color":"","background-image":"","background-repeat":"repeat","background-position":"center center","background-size":"auto","background-attachment":"scroll","background-type":"","background-media":"","overlay-type":"","overlay-color":"","overlay-opacity":"","overlay-gradient":""},"mobile":{"background-color":"","background-image":"","background-repeat":"repeat","background-position":"center center","background-size":"auto","background-attachment":"scroll","background-type":"","background-media":"","overlay-type":"","overlay-color":"","overlay-opacity":"","overlay-gradient":""}},"ast-content-background-meta":{"desktop":{"background-color":"var(--ast-global-color-5)","background-image":"","background-repeat":"repeat","background-position":"center center","background-size":"auto","background-attachment":"scroll","background-type":"","background-media":"","overlay-type":"","overlay-color":"","overlay-opacity":"","overlay-gradient":""},"tablet":{"background-color":"var(--ast-global-color-5)","background-image":"","background-repeat":"repeat","background-position":"center center","background-size":"auto","background-attachment":"scroll","background-type":"","background-media":"","overlay-type":"","overlay-color":"","overlay-opacity":"","overlay-gradient":""},"mobile":{"background-color":"var(--ast-global-color-5)","background-image":"","background-repeat":"repeat","background-position":"center center","background-size":"auto","background-attachment":"scroll","background-type":"","background-media":"","overlay-type":"","overlay-color":"","overlay-opacity":"","overlay-gradient":""}},"_joinchat":[],"footnotes":""},"class_list":["post-6926","page","type-page","status-publish","hentry"],"uagb_featured_image_src":{"full":false,"thumbnail":false,"medium":false,"medium_large":false,"large":false,"1536x1536":false,"2048x2048":false,"trp-custom-language-flag":false,"tp-image-grid":false,"woocommerce_thumbnail":false,"woocommerce_single":false,"woocommerce_gallery_thumbnail":false},"uagb_author_info":{"display_name":"The Global Macro Trader","author_link":"https:\/\/globalmacrosolutions.com\/en\/author\/theglobalmacrotrader24gmail-com\/"},"uagb_comment_info":0,"uagb_excerpt":"\u00bfListo para operar con visi\u00f3n profesional? Agenda una reuni\u00f3n con nosotros y descubre c\u00f3mo transformar tu trading con datos reales y estrategias con metodol\u00f3gias profesionales. Agenda una Reuni\u00f3n","_links":{"self":[{"href":"https:\/\/globalmacrosolutions.com\/en\/wp-json\/wp\/v2\/pages\/6926","targetHints":{"allow":["GET"]}}],"collection":[{"href":"https:\/\/globalmacrosolutions.com\/en\/wp-json\/wp\/v2\/pages"}],"about":[{"href":"https:\/\/globalmacrosolutions.com\/en\/wp-json\/wp\/v2\/types\/page"}],"author":[{"embeddable":true,"href":"https:\/\/globalmacrosolutions.com\/en\/wp-json\/wp\/v2\/users\/1"}],"replies":[{"embeddable":true,"href":"https:\/\/globalmacrosolutions.com\/en\/wp-json\/wp\/v2\/comments?post=6926"}],"version-history":[{"count":76,"href":"https:\/\/globalmacrosolutions.com\/en\/wp-json\/wp\/v2\/pages\/6926\/revisions"}],"predecessor-version":[{"id":46259,"href":"https:\/\/globalmacrosolutions.com\/en\/wp-json\/wp\/v2\/pages\/6926\/revisions\/46259"}],"wp:attachment":[{"href":"https:\/\/globalmacrosolutions.com\/en\/wp-json\/wp\/v2\/media?parent=6926"}],"curies":[{"name":"wp","href":"https:\/\/api.w.org\/{rel}","templated":true}]}}